{"id":261,"date":"2025-10-08T06:31:42","date_gmt":"2025-10-08T04:31:42","guid":{"rendered":"https:\/\/sotravo.be\/?post_type=product&#038;p=261"},"modified":"2025-10-08T06:31:43","modified_gmt":"2025-10-08T04:31:43","slug":"table-de-salon-verre-bois","status":"publish","type":"product","link":"https:\/\/sotravo.be\/index.php\/produit\/table-de-salon-verre-bois\/","title":{"rendered":"Table de salon verre\/bois"},"content":{"rendered":"<p>Cr\u00e9ation d&rsquo;une table alliant bois et verre, modernit\u00e9 et simplicit\u00e9 de formes \u00e9pur\u00e9es!<\/p>\n","protected":false},"excerpt":{"rendered":"<p>Cr\u00e9ation d&rsquo;une table alliant bois et verre, modernit\u00e9 et simplicit\u00e9 de formes \u00e9pur\u00e9es!<\/p>\n","protected":false},"featured_media":262,"template":"","meta":[],"product_brand":[],"product_cat":[17],"product_tag":[],"class_list":{"0":"post-261","1":"product","2":"type-product","3":"status-publish","4":"has-post-thumbnail","6":"product_cat-table-de-salon","8":"first","9":"instock","10":"shipping-taxable","11":"product-type-simple"},"_links":{"self":[{"href":"https:\/\/sotravo.be\/index.php\/wp-json\/wp\/v2\/product\/261","targetHints":{"allow":["GET"]}}],"collection":[{"href":"https:\/\/sotravo.be\/index.php\/wp-json\/wp\/v2\/product"}],"about":[{"href":"https:\/\/sotravo.be\/index.php\/wp-json\/wp\/v2\/types\/product"}],"wp:featuredmedia":[{"embeddable":true,"href":"https:\/\/sotravo.be\/index.php\/wp-json\/wp\/v2\/media\/262"}],"wp:attachment":[{"href":"https:\/\/sotravo.be\/index.php\/wp-json\/wp\/v2\/media?parent=261"}],"wp:term":[{"taxonomy":"product_brand","embeddable":true,"href":"https:\/\/sotravo.be\/index.php\/wp-json\/wp\/v2\/product_brand?post=261"},{"taxonomy":"product_cat","embeddable":true,"href":"https:\/\/sotravo.be\/index.php\/wp-json\/wp\/v2\/product_cat?post=261"},{"taxonomy":"product_tag","embeddable":true,"href":"https:\/\/sotravo.be\/index.php\/wp-json\/wp\/v2\/product_tag?post=261"}],"curies":[{"name":"wp","href":"https:\/\/api.w.org\/{rel}","templated":true}]}}