{"id":265,"date":"2025-10-08T06:33:14","date_gmt":"2025-10-08T04:33:14","guid":{"rendered":"https:\/\/sotravo.be\/?post_type=product&#038;p=265"},"modified":"2025-10-08T06:33:15","modified_gmt":"2025-10-08T04:33:15","slug":"table-basse-de-salon","status":"publish","type":"product","link":"https:\/\/sotravo.be\/index.php\/produit\/table-basse-de-salon\/","title":{"rendered":"Table basse de salon"},"content":{"rendered":"<div class=\"xdj266r x14z9mp xat24cr x1lziwak x1vvkbs x126k92a\">\n<div dir=\"auto\">Ajoutez une touche d&rsquo;originalit\u00e9 et de charme \u00e0 votre int\u00e9rieur avec cette table de salon artisanale, con\u00e7ue avec soin et passion.<\/div>\n<div dir=\"auto\">Son design unique allie esth\u00e9tique moderne et savoir &#8211; faire traditionnel.<\/div>\n<\/div>\n<div class=\"x14z9mp xat24cr x1lziwak x1vvkbs xtlvy1s x126k92a\">\n<div dir=\"auto\">Prix attractif, sur demande.<\/div>\n<\/div>\n","protected":false},"excerpt":{"rendered":"<p>Ajoutez une touche d&rsquo;originalit\u00e9 et de charme \u00e0 votre int\u00e9rieur avec cette table de salon artisanale, con\u00e7ue avec soin et&hellip;<\/p>\n","protected":false},"featured_media":266,"template":"","meta":[],"product_brand":[],"product_cat":[18],"product_tag":[],"class_list":{"0":"post-265","1":"product","2":"type-product","3":"status-publish","4":"has-post-thumbnail","6":"product_cat-table-basse","8":"first","9":"instock","10":"shipping-taxable","11":"product-type-simple"},"_links":{"self":[{"href":"https:\/\/sotravo.be\/index.php\/wp-json\/wp\/v2\/product\/265","targetHints":{"allow":["GET"]}}],"collection":[{"href":"https:\/\/sotravo.be\/index.php\/wp-json\/wp\/v2\/product"}],"about":[{"href":"https:\/\/sotravo.be\/index.php\/wp-json\/wp\/v2\/types\/product"}],"wp:featuredmedia":[{"embeddable":true,"href":"https:\/\/sotravo.be\/index.php\/wp-json\/wp\/v2\/media\/266"}],"wp:attachment":[{"href":"https:\/\/sotravo.be\/index.php\/wp-json\/wp\/v2\/media?parent=265"}],"wp:term":[{"taxonomy":"product_brand","embeddable":true,"href":"https:\/\/sotravo.be\/index.php\/wp-json\/wp\/v2\/product_brand?post=265"},{"taxonomy":"product_cat","embeddable":true,"href":"https:\/\/sotravo.be\/index.php\/wp-json\/wp\/v2\/product_cat?post=265"},{"taxonomy":"product_tag","embeddable":true,"href":"https:\/\/sotravo.be\/index.php\/wp-json\/wp\/v2\/product_tag?post=265"}],"curies":[{"name":"wp","href":"https:\/\/api.w.org\/{rel}","templated":true}]}}