{"id":270,"date":"2025-10-08T06:34:25","date_gmt":"2025-10-08T04:34:25","guid":{"rendered":"https:\/\/sotravo.be\/?post_type=product&#038;p=270"},"modified":"2025-10-08T06:34:26","modified_gmt":"2025-10-08T04:34:26","slug":"salle-a-manger","status":"publish","type":"product","link":"https:\/\/sotravo.be\/index.php\/produit\/salle-a-manger\/","title":{"rendered":"Salle \u00e0 manger"},"content":{"rendered":"<div dir=\"auto\">Vous souhaitez moderniser votre salle \u00e0 manger, nous avons des solutions accessibles \u00e0 tous les budgets!<\/div>\n<div dir=\"auto\">Cr\u00e9ation de table et de mobilier de rangements.<\/div>\n<div dir=\"auto\">Et pourquoi ne pas int\u00e9grer une banquette pour un gain de place?<\/div>\n","protected":false},"excerpt":{"rendered":"<p>Vous souhaitez moderniser votre salle \u00e0 manger, nous avons des solutions accessibles \u00e0 tous les budgets! Cr\u00e9ation de table et&hellip;<\/p>\n","protected":false},"featured_media":271,"template":"","meta":[],"product_brand":[],"product_cat":[19],"product_tag":[],"class_list":{"0":"post-270","1":"product","2":"type-product","3":"status-publish","4":"has-post-thumbnail","6":"product_cat-salle-a-manger","8":"first","9":"instock","10":"shipping-taxable","11":"product-type-simple"},"_links":{"self":[{"href":"https:\/\/sotravo.be\/index.php\/wp-json\/wp\/v2\/product\/270","targetHints":{"allow":["GET"]}}],"collection":[{"href":"https:\/\/sotravo.be\/index.php\/wp-json\/wp\/v2\/product"}],"about":[{"href":"https:\/\/sotravo.be\/index.php\/wp-json\/wp\/v2\/types\/product"}],"wp:featuredmedia":[{"embeddable":true,"href":"https:\/\/sotravo.be\/index.php\/wp-json\/wp\/v2\/media\/271"}],"wp:attachment":[{"href":"https:\/\/sotravo.be\/index.php\/wp-json\/wp\/v2\/media?parent=270"}],"wp:term":[{"taxonomy":"product_brand","embeddable":true,"href":"https:\/\/sotravo.be\/index.php\/wp-json\/wp\/v2\/product_brand?post=270"},{"taxonomy":"product_cat","embeddable":true,"href":"https:\/\/sotravo.be\/index.php\/wp-json\/wp\/v2\/product_cat?post=270"},{"taxonomy":"product_tag","embeddable":true,"href":"https:\/\/sotravo.be\/index.php\/wp-json\/wp\/v2\/product_tag?post=270"}],"curies":[{"name":"wp","href":"https:\/\/api.w.org\/{rel}","templated":true}]}}