{"id":275,"date":"2025-10-08T06:35:33","date_gmt":"2025-10-08T04:35:33","guid":{"rendered":"https:\/\/sotravo.be\/?post_type=product&#038;p=275"},"modified":"2025-10-08T06:35:33","modified_gmt":"2025-10-08T04:35:33","slug":"meuble-sanitaire","status":"publish","type":"product","link":"https:\/\/sotravo.be\/index.php\/produit\/meuble-sanitaire\/","title":{"rendered":"Meuble sanitaire"},"content":{"rendered":"<div class=\"xdj266r x14z9mp xat24cr x1lziwak x1vvkbs x126k92a\">\n<div dir=\"auto\">La cr\u00e9ation de petit mobilier pour vos pi\u00e8ces d&rsquo;eau peut s&rsquo;av\u00e9rer une alternative, efficace, aux catalogues des grandes marques de sanitaire.<\/div>\n<\/div>\n<div class=\"x14z9mp xat24cr x1lziwak x1vvkbs xtlvy1s x126k92a\">\n<div dir=\"auto\">Cr\u00e9er votre mod\u00e8le \u00e0 un prix attractif!<\/div>\n<\/div>\n","protected":false},"excerpt":{"rendered":"<p>La cr\u00e9ation de petit mobilier pour vos pi\u00e8ces d&rsquo;eau peut s&rsquo;av\u00e9rer une alternative, efficace, aux catalogues des grandes marques de&hellip;<\/p>\n","protected":false},"featured_media":276,"template":"","meta":[],"product_brand":[],"product_cat":[20],"product_tag":[],"class_list":{"0":"post-275","1":"product","2":"type-product","3":"status-publish","4":"has-post-thumbnail","6":"product_cat-sanitaire","8":"first","9":"instock","10":"shipping-taxable","11":"product-type-simple"},"_links":{"self":[{"href":"https:\/\/sotravo.be\/index.php\/wp-json\/wp\/v2\/product\/275","targetHints":{"allow":["GET"]}}],"collection":[{"href":"https:\/\/sotravo.be\/index.php\/wp-json\/wp\/v2\/product"}],"about":[{"href":"https:\/\/sotravo.be\/index.php\/wp-json\/wp\/v2\/types\/product"}],"wp:featuredmedia":[{"embeddable":true,"href":"https:\/\/sotravo.be\/index.php\/wp-json\/wp\/v2\/media\/276"}],"wp:attachment":[{"href":"https:\/\/sotravo.be\/index.php\/wp-json\/wp\/v2\/media?parent=275"}],"wp:term":[{"taxonomy":"product_brand","embeddable":true,"href":"https:\/\/sotravo.be\/index.php\/wp-json\/wp\/v2\/product_brand?post=275"},{"taxonomy":"product_cat","embeddable":true,"href":"https:\/\/sotravo.be\/index.php\/wp-json\/wp\/v2\/product_cat?post=275"},{"taxonomy":"product_tag","embeddable":true,"href":"https:\/\/sotravo.be\/index.php\/wp-json\/wp\/v2\/product_tag?post=275"}],"curies":[{"name":"wp","href":"https:\/\/api.w.org\/{rel}","templated":true}]}}