{"id":370,"date":"2025-10-20T18:11:20","date_gmt":"2025-10-20T16:11:20","guid":{"rendered":"https:\/\/sotravo.be\/?post_type=product&#038;p=370"},"modified":"2025-12-11T21:47:07","modified_gmt":"2025-12-11T20:47:07","slug":"cache-compteur","status":"publish","type":"product","link":"https:\/\/sotravo.be\/index.php\/produit\/cache-compteur\/","title":{"rendered":"Cache compteur"},"content":{"rendered":"<p>Un design \u00e9l\u00e9gant pour vos compteurs<\/p>\n<p>D\u00e9couvrez notre solution sur mesure pour cacher vos compteurs tout en apportant une touche de modernit\u00e9 \u00e0 votre int\u00e9rieur. Con\u00e7u avec des mat\u00e9riaux de qualit\u00e9 et un design minimaliste, ce cache-compteur s\u2019int\u00e8gre parfaitement dans n\u2019importe quel espace, transformant un \u00e9l\u00e9ment fonctionnel en v\u00e9ritable \u00e9l\u00e9ment d\u00e9coratif.<\/p>\n","protected":false},"excerpt":{"rendered":"<p>Un design \u00e9l\u00e9gant pour vos compteurs<\/p>\n[formidable id=\"1\"]\n","protected":false},"featured_media":374,"template":"","meta":[],"product_brand":[],"product_cat":[27],"product_tag":[],"class_list":{"0":"post-370","1":"product","2":"type-product","3":"status-publish","4":"has-post-thumbnail","6":"product_cat-caches-compteurs","8":"first","9":"instock","10":"shipping-taxable","11":"product-type-simple"},"_links":{"self":[{"href":"https:\/\/sotravo.be\/index.php\/wp-json\/wp\/v2\/product\/370","targetHints":{"allow":["GET"]}}],"collection":[{"href":"https:\/\/sotravo.be\/index.php\/wp-json\/wp\/v2\/product"}],"about":[{"href":"https:\/\/sotravo.be\/index.php\/wp-json\/wp\/v2\/types\/product"}],"wp:featuredmedia":[{"embeddable":true,"href":"https:\/\/sotravo.be\/index.php\/wp-json\/wp\/v2\/media\/374"}],"wp:attachment":[{"href":"https:\/\/sotravo.be\/index.php\/wp-json\/wp\/v2\/media?parent=370"}],"wp:term":[{"taxonomy":"product_brand","embeddable":true,"href":"https:\/\/sotravo.be\/index.php\/wp-json\/wp\/v2\/product_brand?post=370"},{"taxonomy":"product_cat","embeddable":true,"href":"https:\/\/sotravo.be\/index.php\/wp-json\/wp\/v2\/product_cat?post=370"},{"taxonomy":"product_tag","embeddable":true,"href":"https:\/\/sotravo.be\/index.php\/wp-json\/wp\/v2\/product_tag?post=370"}],"curies":[{"name":"wp","href":"https:\/\/api.w.org\/{rel}","templated":true}]}}